{"id":207,"date":"2019-11-05T15:12:01","date_gmt":"2019-11-05T15:12:01","guid":{"rendered":"https:\/\/visindavika.fas.is\/?page_id=207"},"modified":"2019-11-05T15:12:01","modified_gmt":"2019-11-05T15:12:01","slug":"visindadagar-2014","status":"publish","type":"page","link":"https:\/\/visindavika.fas.is\/?page_id=207","title":{"rendered":"V\u00edsindadagar 2014"},"content":{"rendered":"<p><a href=\"https:\/\/visindavika.fas.is\/?page_id=36\">Flj\u00faga hv\u00edtu fi\u00f0rildin<\/a><\/p>\n<p><a href=\"https:\/\/visindavika.fas.is\/?page_id=42\">Fornleifaranns\u00f3knir<\/a><\/p>\n<p><a href=\"https:\/\/visindavika.fas.is\/?page_id=40\">Fr\u00e6\u00f0slunet Su\u00f0urlands<\/a><\/p>\n<p><a href=\"http:\/\/ungrodd.fas.is\">Ung R\u00f6dd<\/a><\/p>\n<p><a href=\"https:\/\/visindavika.fas.is\/?page_id=56\">Vetrar\u00e6vint\u00fdri \u00e1 J\u00f6kuls\u00e1rl\u00f3ni<\/a><\/p>\n","protected":false},"excerpt":{"rendered":"<p>Flj\u00faga hv\u00edtu fi\u00f0rildin Fornleifaranns\u00f3knir Fr\u00e6\u00f0slunet Su\u00f0urlands Ung R\u00f6dd Vetrar\u00e6vint\u00fdri \u00e1 J\u00f6kuls\u00e1rl\u00f3ni<\/p>\n","protected":false},"author":1,"featured_media":0,"parent":0,"menu_order":0,"comment_status":"closed","ping_status":"closed","template":"","meta":{"footnotes":"","_links_to":"","_links_to_target":""},"_links":{"self":[{"href":"https:\/\/visindavika.fas.is\/index.php?rest_route=\/wp\/v2\/pages\/207"}],"collection":[{"href":"https:\/\/visindavika.fas.is\/index.php?rest_route=\/wp\/v2\/pages"}],"about":[{"href":"https:\/\/visindavika.fas.is\/index.php?rest_route=\/wp\/v2\/types\/page"}],"author":[{"embeddable":true,"href":"https:\/\/visindavika.fas.is\/index.php?rest_route=\/wp\/v2\/users\/1"}],"replies":[{"embeddable":true,"href":"https:\/\/visindavika.fas.is\/index.php?rest_route=%2Fwp%2Fv2%2Fcomments&post=207"}],"version-history":[{"count":1,"href":"https:\/\/visindavika.fas.is\/index.php?rest_route=\/wp\/v2\/pages\/207\/revisions"}],"predecessor-version":[{"id":208,"href":"https:\/\/visindavika.fas.is\/index.php?rest_route=\/wp\/v2\/pages\/207\/revisions\/208"}],"wp:attachment":[{"href":"https:\/\/visindavika.fas.is\/index.php?rest_route=%2Fwp%2Fv2%2Fmedia&parent=207"}],"curies":[{"name":"wp","href":"https:\/\/api.w.org\/{rel}","templated":true}]}}