{"id":213,"date":"2019-11-06T13:46:30","date_gmt":"2019-11-06T13:46:30","guid":{"rendered":"https:\/\/visindavika.fas.is\/?page_id=213"},"modified":"2020-10-23T11:45:02","modified_gmt":"2020-10-23T11:45:02","slug":"umhverfisvernd","status":"publish","type":"page","link":"https:\/\/visindavika.fas.is\/?page_id=213","title":{"rendered":"Umhverfisvernd"},"content":{"rendered":"<h3>Umhverfisvernd, fr\u00e6\u00f0sla og n\u00e1tt\u00farut\u00falkun<\/h3>\n<p>H\u00f3purinn p\u00e6ldi \u00ed hva\u00f0 n\u00e1tt\u00farut\u00falkun er og hvernig h\u00fan tengist umhverfisvernd.\u00a0 Einnig kanna\u00f0i h\u00f3purinn hvernig landver\u00f0ir nota n\u00e1tt\u00farut\u00falkun til a\u00f0 fr\u00e6\u00f0a gesti Vatnaj\u00f6kuls\u00fej\u00f3\u00f0gar\u00f0s um n\u00e1tt\u00faru og menningu sv\u00e6\u00f0isins.\u00a0 A\u00f0 lokum \u00e6tlar h\u00f3purinn a\u00f0 b\u00faa til \u00f6rg\u00f6ngufer\u00f0 \u00fear sem n\u00e1tt\u00farut\u00falkun er notu\u00f0.<\/p>\n<p><iframe loading=\"lazy\" src=\"https:\/\/www.youtube.com\/embed\/GFTEy8TVoYQ\" width=\"560\" height=\"315\" frameborder=\"0\" allowfullscreen=\"allowfullscreen\"><\/iframe><\/p>\n","protected":false},"excerpt":{"rendered":"<p>Umhverfisvernd, fr\u00e6\u00f0sla og n\u00e1tt\u00farut\u00falkun H\u00f3purinn p\u00e6ldi \u00ed hva\u00f0 n\u00e1tt\u00farut\u00falkun er og hvernig h\u00fan tengist umhverfisvernd.\u00a0 Einnig kanna\u00f0i h\u00f3purinn hvernig landver\u00f0ir nota n\u00e1tt\u00farut\u00falkun til a\u00f0 fr\u00e6\u00f0a gesti Vatnaj\u00f6kuls\u00fej\u00f3\u00f0gar\u00f0s um n\u00e1tt\u00faru og menningu sv\u00e6\u00f0isins.\u00a0 A\u00f0 lokum \u00e6tlar h\u00f3purinn a\u00f0 b\u00faa til \u00f6rg\u00f6ngufer\u00f0 \u00fear sem n\u00e1tt\u00farut\u00falkun er notu\u00f0.<\/p>\n","protected":false},"author":1,"featured_media":0,"parent":210,"menu_order":0,"comment_status":"closed","ping_status":"closed","template":"","meta":{"footnotes":"","_links_to":"","_links_to_target":""},"_links":{"self":[{"href":"https:\/\/visindavika.fas.is\/index.php?rest_route=\/wp\/v2\/pages\/213"}],"collection":[{"href":"https:\/\/visindavika.fas.is\/index.php?rest_route=\/wp\/v2\/pages"}],"about":[{"href":"https:\/\/visindavika.fas.is\/index.php?rest_route=\/wp\/v2\/types\/page"}],"author":[{"embeddable":true,"href":"https:\/\/visindavika.fas.is\/index.php?rest_route=\/wp\/v2\/users\/1"}],"replies":[{"embeddable":true,"href":"https:\/\/visindavika.fas.is\/index.php?rest_route=%2Fwp%2Fv2%2Fcomments&post=213"}],"version-history":[{"count":5,"href":"https:\/\/visindavika.fas.is\/index.php?rest_route=\/wp\/v2\/pages\/213\/revisions"}],"predecessor-version":[{"id":281,"href":"https:\/\/visindavika.fas.is\/index.php?rest_route=\/wp\/v2\/pages\/213\/revisions\/281"}],"up":[{"embeddable":true,"href":"https:\/\/visindavika.fas.is\/index.php?rest_route=\/wp\/v2\/pages\/210"}],"wp:attachment":[{"href":"https:\/\/visindavika.fas.is\/index.php?rest_route=%2Fwp%2Fv2%2Fmedia&parent=213"}],"curies":[{"name":"wp","href":"https:\/\/api.w.org\/{rel}","templated":true}]}}