{"id":215,"date":"2019-11-06T13:47:02","date_gmt":"2019-11-06T13:47:02","guid":{"rendered":"https:\/\/visindavika.fas.is\/?page_id=215"},"modified":"2020-10-23T12:04:40","modified_gmt":"2020-10-23T12:04:40","slug":"lesid-i-landid","status":"publish","type":"page","link":"https:\/\/visindavika.fas.is\/?page_id=215","title":{"rendered":"Lesi\u00f0 \u00ed landi\u00f0"},"content":{"rendered":"<h3>Lesi\u00f0 \u00ed landi\u00f0 &#8211; vatn og berg<\/h3>\n<p>\u00c1 lei\u00f0 okkar \u00ed Tungusel var stoppa\u00f0 \u00e1 nokkrum \u00e1hugaver\u00f0um st\u00f6\u00f0um \u00fear sem kj\u00f6ri\u00f0 var a\u00f0 horfa \u00ed kringum sig. Vi\u00f0 s\u00e1um allar tegundir vatnsfalla. \u00de\u00e1 var \u00e1 vegi okkar mismunandi berg og hraun og \u00fdmis \u00f6nnur n\u00e1tt\u00farufyrirbrig\u00f0i.<\/p>\n<p>\u00dea\u00f0 er varla h\u00e6gt a\u00f0 fara um \u00feetta sv\u00e6\u00f0i \u00e1n \u00feess a\u00f0 nefna Skaft\u00e1relda. Vi\u00f0 reyndum a\u00f0 tengja vatni\u00f0 og bergi\u00f0 saman og sko\u00f0a hva\u00f0a \u00e1hrif vatnavextir hafa \u00e1 landi\u00f0 b\u00e6\u00f0i hva\u00f0 var\u00f0ar landbrot og eins hvernig \u00fea\u00f0 \u00fe\u00e9ttir gropi\u00f0 berg. Hva\u00f0a aflei\u00f0ingar hafa vatnavextir \u00e1 daglegt l\u00edf \u00e1 sv\u00e6\u00f0inu. Og hver eru \u00e1hrifin til framt\u00ed\u00f0ar?<br \/>\n<iframe loading=\"lazy\" width=\"560\" height=\"315\" src=\"https:\/\/www.youtube.com\/embed\/uLvLr7TEcNE\" frameborder=\"0\" allow=\"accelerometer; autoplay; clipboard-write; encrypted-media; gyroscope; picture-in-picture\" allowfullscreen><\/iframe><\/p>\n","protected":false},"excerpt":{"rendered":"<p>Lesi\u00f0 \u00ed landi\u00f0 &#8211; vatn og berg \u00c1 lei\u00f0 okkar \u00ed Tungusel var stoppa\u00f0 \u00e1 nokkrum \u00e1hugaver\u00f0um st\u00f6\u00f0um \u00fear sem kj\u00f6ri\u00f0 var a\u00f0 horfa \u00ed kringum sig. Vi\u00f0 s\u00e1um allar tegundir vatnsfalla. \u00de\u00e1 var \u00e1 vegi okkar mismunandi berg og hraun og \u00fdmis \u00f6nnur n\u00e1tt\u00farufyrirbrig\u00f0i. \u00dea\u00f0 er varla h\u00e6gt a\u00f0 fara um \u00feetta sv\u00e6\u00f0i \u00e1n [&hellip;]<\/p>\n","protected":false},"author":1,"featured_media":0,"parent":210,"menu_order":0,"comment_status":"closed","ping_status":"closed","template":"","meta":{"footnotes":"","_links_to":"","_links_to_target":""},"_links":{"self":[{"href":"https:\/\/visindavika.fas.is\/index.php?rest_route=\/wp\/v2\/pages\/215"}],"collection":[{"href":"https:\/\/visindavika.fas.is\/index.php?rest_route=\/wp\/v2\/pages"}],"about":[{"href":"https:\/\/visindavika.fas.is\/index.php?rest_route=\/wp\/v2\/types\/page"}],"author":[{"embeddable":true,"href":"https:\/\/visindavika.fas.is\/index.php?rest_route=\/wp\/v2\/users\/1"}],"replies":[{"embeddable":true,"href":"https:\/\/visindavika.fas.is\/index.php?rest_route=%2Fwp%2Fv2%2Fcomments&post=215"}],"version-history":[{"count":4,"href":"https:\/\/visindavika.fas.is\/index.php?rest_route=\/wp\/v2\/pages\/215\/revisions"}],"predecessor-version":[{"id":287,"href":"https:\/\/visindavika.fas.is\/index.php?rest_route=\/wp\/v2\/pages\/215\/revisions\/287"}],"up":[{"embeddable":true,"href":"https:\/\/visindavika.fas.is\/index.php?rest_route=\/wp\/v2\/pages\/210"}],"wp:attachment":[{"href":"https:\/\/visindavika.fas.is\/index.php?rest_route=%2Fwp%2Fv2%2Fmedia&parent=215"}],"curies":[{"name":"wp","href":"https:\/\/api.w.org\/{rel}","templated":true}]}}