{"id":217,"date":"2019-11-06T13:47:40","date_gmt":"2019-11-06T13:47:40","guid":{"rendered":"https:\/\/visindavika.fas.is\/?page_id=217"},"modified":"2020-10-23T11:58:47","modified_gmt":"2020-10-23T11:58:47","slug":"grodurfar-og-buskapur","status":"publish","type":"page","link":"https:\/\/visindavika.fas.is\/?page_id=217","title":{"rendered":"Gr\u00f3\u00f0urfar og B\u00faskapur"},"content":{"rendered":"<p>Gr\u00f3\u00f0urfar, r\u00e6ktun og b\u00faskapur \u00ed Skaft\u00e1rtungu &#8211; fyrr og n\u00fa.<\/p>\n<p>\u00dea\u00f0 eru f\u00e1ar sveitir sem gengi\u00f0 hafa \u00ed gegnum a\u00f0ra\u00f0 eins breytingar s\u00ed\u00f0ustu 250 \u00e1rin og sv\u00e6\u00f0i\u00f0 \u00ed kringum Klaustur.<\/p>\n<p>H\u00f3purinn n\u00fdti t\u00edmann \u00e1 \u00feeim st\u00f6\u00f0um \u00fear sem stoppa\u00f0 var og litu \u00ed kringum sig og r\u00e6ddu um hvernig landi\u00f0 leit \u00fat um 1750, hvernig samsetning b\u00fapenigs var \u00fe\u00e1 osfrv. S\u00ed\u00f0an hva\u00f0 ger\u00f0ist og hvernig b\u00faskapur er h\u00e9r stunda\u00f0ur \u00ed dag. Einnig ver\u00f0ur fari\u00f0 yfir \u00fea\u00f0 hvernig \u00e1s\u00fdnd landsins hefur breytst gr\u00f3\u00f0urfarslega \u00e1 \u00feessum t\u00edma.<br \/>\n<iframe loading=\"lazy\" width=\"560\" height=\"315\" src=\"https:\/\/www.youtube.com\/embed\/pqnP0D7hE2Y\" frameborder=\"0\" allow=\"accelerometer; autoplay; clipboard-write; encrypted-media; gyroscope; picture-in-picture\" allowfullscreen><\/iframe><\/p>\n","protected":false},"excerpt":{"rendered":"<p>Gr\u00f3\u00f0urfar, r\u00e6ktun og b\u00faskapur \u00ed Skaft\u00e1rtungu &#8211; fyrr og n\u00fa. \u00dea\u00f0 eru f\u00e1ar sveitir sem gengi\u00f0 hafa \u00ed gegnum a\u00f0ra\u00f0 eins breytingar s\u00ed\u00f0ustu 250 \u00e1rin og sv\u00e6\u00f0i\u00f0 \u00ed kringum Klaustur. H\u00f3purinn n\u00fdti t\u00edmann \u00e1 \u00feeim st\u00f6\u00f0um \u00fear sem stoppa\u00f0 var og litu \u00ed kringum sig og r\u00e6ddu um hvernig landi\u00f0 leit \u00fat um 1750, hvernig [&hellip;]<\/p>\n","protected":false},"author":1,"featured_media":0,"parent":210,"menu_order":0,"comment_status":"closed","ping_status":"closed","template":"","meta":{"footnotes":"","_links_to":"","_links_to_target":""},"_links":{"self":[{"href":"https:\/\/visindavika.fas.is\/index.php?rest_route=\/wp\/v2\/pages\/217"}],"collection":[{"href":"https:\/\/visindavika.fas.is\/index.php?rest_route=\/wp\/v2\/pages"}],"about":[{"href":"https:\/\/visindavika.fas.is\/index.php?rest_route=\/wp\/v2\/types\/page"}],"author":[{"embeddable":true,"href":"https:\/\/visindavika.fas.is\/index.php?rest_route=\/wp\/v2\/users\/1"}],"replies":[{"embeddable":true,"href":"https:\/\/visindavika.fas.is\/index.php?rest_route=%2Fwp%2Fv2%2Fcomments&post=217"}],"version-history":[{"count":4,"href":"https:\/\/visindavika.fas.is\/index.php?rest_route=\/wp\/v2\/pages\/217\/revisions"}],"predecessor-version":[{"id":282,"href":"https:\/\/visindavika.fas.is\/index.php?rest_route=\/wp\/v2\/pages\/217\/revisions\/282"}],"up":[{"embeddable":true,"href":"https:\/\/visindavika.fas.is\/index.php?rest_route=\/wp\/v2\/pages\/210"}],"wp:attachment":[{"href":"https:\/\/visindavika.fas.is\/index.php?rest_route=%2Fwp%2Fv2%2Fmedia&parent=217"}],"curies":[{"name":"wp","href":"https:\/\/api.w.org\/{rel}","templated":true}]}}