{"id":223,"date":"2019-11-06T13:48:51","date_gmt":"2019-11-06T13:48:51","guid":{"rendered":"https:\/\/visindavika.fas.is\/?page_id=223"},"modified":"2020-10-23T12:01:19","modified_gmt":"2020-10-23T12:01:19","slug":"erlendir-menningarheimar","status":"publish","type":"page","link":"https:\/\/visindavika.fas.is\/?page_id=223","title":{"rendered":"Erlendir menningarheimar"},"content":{"rendered":"<h3>Erlendar menningarheimar og \u00edb\u00faar af erlendum uppruna \u00ed Skaft\u00e1rhreppi.<\/h3>\n<p>H\u00f3purinn f\u00f3r \u00ed gegnum nokkur d\u00e6mi um hina einst\u00f6ku menningu sem h\u00e6gt er a\u00f0 finna til sveita v\u00ed\u00f0a um heim,l\u00f6nd sem lika nota ensku og einbeita s\u00e9r a\u00f0 erlendum \u00edb\u00faum \u00e1 \u00cdslandi.<\/p>\n<p><iframe loading=\"lazy\" width=\"560\" height=\"315\" src=\"https:\/\/www.youtube.com\/embed\/O4w4JnItFzM\" frameborder=\"0\" allow=\"accelerometer; autoplay; clipboard-write; encrypted-media; gyroscope; picture-in-picture\" allowfullscreen><\/iframe><\/p>\n","protected":false},"excerpt":{"rendered":"<p>Erlendar menningarheimar og \u00edb\u00faar af erlendum uppruna \u00ed Skaft\u00e1rhreppi. H\u00f3purinn f\u00f3r \u00ed gegnum nokkur d\u00e6mi um hina einst\u00f6ku menningu sem h\u00e6gt er a\u00f0 finna til sveita v\u00ed\u00f0a um heim,l\u00f6nd sem lika nota ensku og einbeita s\u00e9r a\u00f0 erlendum \u00edb\u00faum \u00e1 \u00cdslandi.<\/p>\n","protected":false},"author":1,"featured_media":0,"parent":210,"menu_order":0,"comment_status":"closed","ping_status":"closed","template":"","meta":{"footnotes":"","_links_to":"","_links_to_target":""},"_links":{"self":[{"href":"https:\/\/visindavika.fas.is\/index.php?rest_route=\/wp\/v2\/pages\/223"}],"collection":[{"href":"https:\/\/visindavika.fas.is\/index.php?rest_route=\/wp\/v2\/pages"}],"about":[{"href":"https:\/\/visindavika.fas.is\/index.php?rest_route=\/wp\/v2\/types\/page"}],"author":[{"embeddable":true,"href":"https:\/\/visindavika.fas.is\/index.php?rest_route=\/wp\/v2\/users\/1"}],"replies":[{"embeddable":true,"href":"https:\/\/visindavika.fas.is\/index.php?rest_route=%2Fwp%2Fv2%2Fcomments&post=223"}],"version-history":[{"count":4,"href":"https:\/\/visindavika.fas.is\/index.php?rest_route=\/wp\/v2\/pages\/223\/revisions"}],"predecessor-version":[{"id":284,"href":"https:\/\/visindavika.fas.is\/index.php?rest_route=\/wp\/v2\/pages\/223\/revisions\/284"}],"up":[{"embeddable":true,"href":"https:\/\/visindavika.fas.is\/index.php?rest_route=\/wp\/v2\/pages\/210"}],"wp:attachment":[{"href":"https:\/\/visindavika.fas.is\/index.php?rest_route=%2Fwp%2Fv2%2Fmedia&parent=223"}],"curies":[{"name":"wp","href":"https:\/\/api.w.org\/{rel}","templated":true}]}}