{"id":225,"date":"2019-11-06T13:49:35","date_gmt":"2019-11-06T13:49:35","guid":{"rendered":"https:\/\/visindavika.fas.is\/?page_id=225"},"modified":"2020-10-23T12:02:03","modified_gmt":"2020-10-23T12:02:03","slug":"i-leit-ad-menningu","status":"publish","type":"page","link":"https:\/\/visindavika.fas.is\/?page_id=225","title":{"rendered":"\u00cd leit a\u00f0 menningu"},"content":{"rendered":"<p>\u00cd leit a\u00f0 menningu \u00ed Skaft\u00e1rhreppi.<\/p>\n<p>H\u00f3purinn hugsa\u00f0 vi\u00f0fangasefni\u00f0 \u00feannig a\u00f0 \u00feau myndu kortleggja \u00fe\u00e1 menningarstarfsemi sem v\u00e6ri \u00e1 sv\u00e6\u00f0inu, leita upp f\u00f3lk til a\u00f0 tala vi\u00f0 og merkilega hluti\/sta\u00f0i til a\u00f0 sko\u00f0a me\u00f0 tilliti til menningar.<\/p>\n<p><iframe loading=\"lazy\" width=\"560\" height=\"315\" src=\"https:\/\/www.youtube.com\/embed\/_HI0MX7Shs0\" frameborder=\"0\" allow=\"accelerometer; autoplay; clipboard-write; encrypted-media; gyroscope; picture-in-picture\" allowfullscreen><\/iframe><\/p>\n","protected":false},"excerpt":{"rendered":"<p>\u00cd leit a\u00f0 menningu \u00ed Skaft\u00e1rhreppi. H\u00f3purinn hugsa\u00f0 vi\u00f0fangasefni\u00f0 \u00feannig a\u00f0 \u00feau myndu kortleggja \u00fe\u00e1 menningarstarfsemi sem v\u00e6ri \u00e1 sv\u00e6\u00f0inu, leita upp f\u00f3lk til a\u00f0 tala vi\u00f0 og merkilega hluti\/sta\u00f0i til a\u00f0 sko\u00f0a me\u00f0 tilliti til menningar.<\/p>\n","protected":false},"author":1,"featured_media":0,"parent":210,"menu_order":0,"comment_status":"closed","ping_status":"closed","template":"","meta":{"footnotes":"","_links_to":"","_links_to_target":""},"_links":{"self":[{"href":"https:\/\/visindavika.fas.is\/index.php?rest_route=\/wp\/v2\/pages\/225"}],"collection":[{"href":"https:\/\/visindavika.fas.is\/index.php?rest_route=\/wp\/v2\/pages"}],"about":[{"href":"https:\/\/visindavika.fas.is\/index.php?rest_route=\/wp\/v2\/types\/page"}],"author":[{"embeddable":true,"href":"https:\/\/visindavika.fas.is\/index.php?rest_route=\/wp\/v2\/users\/1"}],"replies":[{"embeddable":true,"href":"https:\/\/visindavika.fas.is\/index.php?rest_route=%2Fwp%2Fv2%2Fcomments&post=225"}],"version-history":[{"count":4,"href":"https:\/\/visindavika.fas.is\/index.php?rest_route=\/wp\/v2\/pages\/225\/revisions"}],"predecessor-version":[{"id":285,"href":"https:\/\/visindavika.fas.is\/index.php?rest_route=\/wp\/v2\/pages\/225\/revisions\/285"}],"up":[{"embeddable":true,"href":"https:\/\/visindavika.fas.is\/index.php?rest_route=\/wp\/v2\/pages\/210"}],"wp:attachment":[{"href":"https:\/\/visindavika.fas.is\/index.php?rest_route=%2Fwp%2Fv2%2Fmedia&parent=225"}],"curies":[{"name":"wp","href":"https:\/\/api.w.org\/{rel}","templated":true}]}}