{"id":345,"date":"2022-03-22T10:33:52","date_gmt":"2022-03-22T10:33:52","guid":{"rendered":"https:\/\/visindavika.fas.is\/?page_id=345"},"modified":"2022-03-22T10:53:17","modified_gmt":"2022-03-22T10:53:17","slug":"ung-rodd","status":"publish","type":"page","link":"https:\/\/visindavika.fas.is\/?page_id=345","title":{"rendered":"Ung r\u00f6dd"},"content":{"rendered":"<div id=\"pl-345\"  class=\"panel-layout\" ><div id=\"pg-345-0\"  class=\"panel-grid panel-no-style\" ><div id=\"pgc-345-0-0\"  class=\"panel-grid-cell\" ><div id=\"panel-345-0-0-0\" class=\"so-panel widget widget_blog-style-one panel-first-child panel-last-child\" data-index=\"0\" ><div\n\t\t\t\n\t\t\tclass=\"so-widget-blog-style-one so-widget-blog-style-one-blog-style-one-style-f70b9422c3b0-345\"\n\t\t\t\n\t\t>\r\n\r\n<div class=\"blog_list_main\">\r\n\r\n\r\n    <div class=\"blog_one_style clearfix twelve columns\">\r\n\r\n         <div class=\"four columns image alpha\">\r\n\r\n         \r\n         <\/div>\r\n\r\n        <div class=\"eight columns content\">\r\n\r\n                <h4><a href=\"https:\/\/visindavika.fas.is\/?p=369\">Er ungt f\u00f3lk \u00fe\u00e1tttakendur \u00ed samf\u00e9laginu?<\/a><\/h4>\r\n            \r\n\r\n        \u00c9g hef oft velt \u00fev\u00ed fyrir m\u00e9r hvort a\u00f0<a href=\"https:\/\/visindavika.fas.is\/?p=369\">...<\/a>\r\n        <\/div>\r\n\r\n        <div class=\"clearfix\"><\/div>\r\n\r\n        <div class=\"meta twelve columns clearfix\">\r\n            <div class=\"left-style\">\r\n            By Stjori | mars 22, 2022 | <a href=\"https:\/\/visindavika.fas.is\/?cat=84\" rel=\"category\">Ung r\u00f6dd<\/a>            <\/div>\r\n            <div class=\"right-style\">\r\n            <a href=\"https:\/\/visindavika.fas.is\/?p=369\">Read More <\/a>\r\n            <\/div>\r\n        <\/div>\r\n    <\/div>\r\n\r\n\r\n\r\n\r\n\r\n    <div class=\"blog_one_style clearfix twelve columns\">\r\n\r\n         <div class=\"four columns image alpha\">\r\n\r\n         \r\n         <\/div>\r\n\r\n        <div class=\"eight columns content\">\r\n\r\n                <h4><a href=\"https:\/\/visindavika.fas.is\/?p=367\">Byggingarkostna\u00f0ur er h\u00e6rri en s\u00f6luver\u00f0<\/a><\/h4>\r\n            \r\n\r\n        Aldursh\u00f3purinn \u00e1 aldrinum 20 -35 \u00e1ra er f\u00e1mmenur \u00e1<a href=\"https:\/\/visindavika.fas.is\/?p=367\">...<\/a>\r\n        <\/div>\r\n\r\n        <div class=\"clearfix\"><\/div>\r\n\r\n        <div class=\"meta twelve columns clearfix\">\r\n            <div class=\"left-style\">\r\n            By Stjori | mars 22, 2022 | <a href=\"https:\/\/visindavika.fas.is\/?cat=84\" rel=\"category\">Ung r\u00f6dd<\/a>            <\/div>\r\n            <div class=\"right-style\">\r\n            <a href=\"https:\/\/visindavika.fas.is\/?p=367\">Read More <\/a>\r\n            <\/div>\r\n        <\/div>\r\n    <\/div>\r\n\r\n\r\n\r\n\r\n\r\n    <div class=\"blog_one_style clearfix twelve columns\">\r\n\r\n         <div class=\"four columns image alpha\">\r\n\r\n         \r\n         <\/div>\r\n\r\n        <div class=\"eight columns content\">\r\n\r\n                <h4><a href=\"https:\/\/visindavika.fas.is\/?p=365\">Fr\u00e1 Hafnarfir\u00f0i \u00ed Hornafj\u00f6r\u00f0<\/a><\/h4>\r\n            \r\n\r\n        A\u00f0 flytja \u00far st\u00f3ru samf\u00e9lagi yfir \u00ed l\u00edti\u00f0 samf\u00e9lag<a href=\"https:\/\/visindavika.fas.is\/?p=365\">...<\/a>\r\n        <\/div>\r\n\r\n        <div class=\"clearfix\"><\/div>\r\n\r\n        <div class=\"meta twelve columns clearfix\">\r\n            <div class=\"left-style\">\r\n            By Stjori | mars 22, 2022 | <a href=\"https:\/\/visindavika.fas.is\/?cat=84\" rel=\"category\">Ung r\u00f6dd<\/a>            <\/div>\r\n            <div class=\"right-style\">\r\n            <a href=\"https:\/\/visindavika.fas.is\/?p=365\">Read More <\/a>\r\n            <\/div>\r\n        <\/div>\r\n    <\/div>\r\n\r\n\r\n\r\n\r\n\r\n    <div class=\"blog_one_style clearfix twelve columns\">\r\n\r\n         <div class=\"four columns image alpha\">\r\n\r\n         \r\n         <\/div>\r\n\r\n        <div class=\"eight columns content\">\r\n\r\n                <h4><a href=\"https:\/\/visindavika.fas.is\/?p=363\">R\u00e6tt vi\u00f0 unga hornfir\u00f0inga<\/a><\/h4>\r\n            \r\n\r\n        Maria Selma og Ingibj\u00f6rg Luc\u00eda t\u00f3ku vi\u00f0tal vi\u00f0 nokkur<a href=\"https:\/\/visindavika.fas.is\/?p=363\">...<\/a>\r\n        <\/div>\r\n\r\n        <div class=\"clearfix\"><\/div>\r\n\r\n        <div class=\"meta twelve columns clearfix\">\r\n            <div class=\"left-style\">\r\n            By Stjori | mars 22, 2022 | <a href=\"https:\/\/visindavika.fas.is\/?cat=84\" rel=\"category\">Ung r\u00f6dd<\/a>            <\/div>\r\n            <div class=\"right-style\">\r\n            <a href=\"https:\/\/visindavika.fas.is\/?p=363\">Read More <\/a>\r\n            <\/div>\r\n        <\/div>\r\n    <\/div>\r\n\r\n\r\n\r\n\r\n\r\n    <div class=\"blog_one_style clearfix twelve columns\">\r\n\r\n         <div class=\"four columns image alpha\">\r\n\r\n         \r\n         <\/div>\r\n\r\n        <div class=\"eight columns content\">\r\n\r\n                <h4><a href=\"https:\/\/visindavika.fas.is\/?p=361\">Ung r\u00f6dd \u00e1 v\u00edsindad\u00f6gum \u00ed FAS<\/a><\/h4>\r\n            \r\n\r\n        \u00deessi vefur er verkefni nemenda \u00ed Fj\u00f6lmi\u00f0lafr\u00e6\u00f0i \u00ed FAS<a href=\"https:\/\/visindavika.fas.is\/?p=361\">...<\/a>\r\n        <\/div>\r\n\r\n        <div class=\"clearfix\"><\/div>\r\n\r\n        <div class=\"meta twelve columns clearfix\">\r\n            <div class=\"left-style\">\r\n            By Stjori | mars 22, 2022 | <a href=\"https:\/\/visindavika.fas.is\/?cat=84\" rel=\"category\">Ung r\u00f6dd<\/a>            <\/div>\r\n            <div class=\"right-style\">\r\n            <a href=\"https:\/\/visindavika.fas.is\/?p=361\">Read More <\/a>\r\n            <\/div>\r\n        <\/div>\r\n    <\/div>\r\n\r\n\r\n\r\n\r\n\r\n    <div class=\"blog_one_style clearfix twelve columns\">\r\n\r\n         <div class=\"four columns image alpha\">\r\n\r\n         \r\n         <\/div>\r\n\r\n        <div class=\"eight columns content\">\r\n\r\n                <h4><a href=\"https:\/\/visindavika.fas.is\/?p=359\">K\u00f6nnun: Vi\u00f0horf til ungmenna<\/a><\/h4>\r\n            \r\n\r\n        Vinsamlega svari\u00f0 \u00feessari l\u00e9ttu og skemmtilegu k\u00f6nnun. Ni\u00f0urst\u00f6\u00f0ur ver\u00f0a<a href=\"https:\/\/visindavika.fas.is\/?p=359\">...<\/a>\r\n        <\/div>\r\n\r\n        <div class=\"clearfix\"><\/div>\r\n\r\n        <div class=\"meta twelve columns clearfix\">\r\n            <div class=\"left-style\">\r\n            By Stjori | mars 22, 2022 | <a href=\"https:\/\/visindavika.fas.is\/?cat=84\" rel=\"category\">Ung r\u00f6dd<\/a>            <\/div>\r\n            <div class=\"right-style\">\r\n            <a href=\"https:\/\/visindavika.fas.is\/?p=359\">Read More <\/a>\r\n            <\/div>\r\n        <\/div>\r\n    <\/div>\r\n\r\n\r\n\r\n\r\n\r\n    <div class=\"blog_one_style clearfix twelve columns\">\r\n\r\n         <div class=\"four columns image alpha\">\r\n\r\n         \r\n         <\/div>\r\n\r\n        <div class=\"eight columns content\">\r\n\r\n                <h4><a href=\"https:\/\/visindavika.fas.is\/?p=357\">Okkur vantar ungmennah\u00fas \u00e1 H\u00f6fn<\/a><\/h4>\r\n            \r\n\r\n        Hva\u00f0 er ungmennah\u00fas? Ungmennah\u00fas er mi\u00f0st\u00f6\u00f0 fyrir ungt f\u00f3lk<a href=\"https:\/\/visindavika.fas.is\/?p=357\">...<\/a>\r\n        <\/div>\r\n\r\n        <div class=\"clearfix\"><\/div>\r\n\r\n        <div class=\"meta twelve columns clearfix\">\r\n            <div class=\"left-style\">\r\n            By Stjori | mars 22, 2022 | <a href=\"https:\/\/visindavika.fas.is\/?cat=84\" rel=\"category\">Ung r\u00f6dd<\/a>            <\/div>\r\n            <div class=\"right-style\">\r\n            <a href=\"https:\/\/visindavika.fas.is\/?p=357\">Read More <\/a>\r\n            <\/div>\r\n        <\/div>\r\n    <\/div>\r\n\r\n\r\n\r\n\r\n\r\n    <div class=\"blog_one_style clearfix twelve columns\">\r\n\r\n         <div class=\"four columns image alpha\">\r\n\r\n         \r\n         <\/div>\r\n\r\n        <div class=\"eight columns content\">\r\n\r\n                <h4><a href=\"https:\/\/visindavika.fas.is\/?p=355\">Spurningakeppni kennara<\/a><\/h4>\r\n            \r\n\r\n        Vi\u00f0 \u00e1kv\u00e1\u00f0um a\u00f0 l\u00e1ta reyna \u00e1 \u00feekkingu l\u00e6rimeistara okkar<a href=\"https:\/\/visindavika.fas.is\/?p=355\">...<\/a>\r\n        <\/div>\r\n\r\n        <div class=\"clearfix\"><\/div>\r\n\r\n        <div class=\"meta twelve columns clearfix\">\r\n            <div class=\"left-style\">\r\n            By Stjori | mars 22, 2022 | <a href=\"https:\/\/visindavika.fas.is\/?cat=84\" rel=\"category\">Ung r\u00f6dd<\/a>            <\/div>\r\n            <div class=\"right-style\">\r\n            <a href=\"https:\/\/visindavika.fas.is\/?p=355\">Read More <\/a>\r\n            <\/div>\r\n        <\/div>\r\n    <\/div>\r\n\r\n\r\n\r\n\r\n\r\n    <div class=\"blog_one_style clearfix twelve columns\">\r\n\r\n         <div class=\"four columns image alpha\">\r\n\r\n         \r\n         <\/div>\r\n\r\n        <div class=\"eight columns content\">\r\n\r\n                <h4><a href=\"https:\/\/visindavika.fas.is\/?p=353\">Sveigjanleikinn er kostur vi\u00f0 fjarn\u00e1mi\u00f0<\/a><\/h4>\r\n            \r\n\r\n        Gu\u00f0j\u00f3n \u00d6rn Magn\u00fasson er ungur m\u00fdrama\u00f0ur sem starfar sem<a href=\"https:\/\/visindavika.fas.is\/?p=353\">...<\/a>\r\n        <\/div>\r\n\r\n        <div class=\"clearfix\"><\/div>\r\n\r\n        <div class=\"meta twelve columns clearfix\">\r\n            <div class=\"left-style\">\r\n            By Stjori | mars 22, 2022 | <a href=\"https:\/\/visindavika.fas.is\/?cat=84\" rel=\"category\">Ung r\u00f6dd<\/a>            <\/div>\r\n            <div class=\"right-style\">\r\n            <a href=\"https:\/\/visindavika.fas.is\/?p=353\">Read More <\/a>\r\n            <\/div>\r\n        <\/div>\r\n    <\/div>\r\n\r\n\r\n\r\n\r\n\r\n    <div class=\"blog_one_style clearfix twelve columns\">\r\n\r\n         <div class=\"four columns image alpha\">\r\n\r\n         \r\n         <\/div>\r\n\r\n        <div class=\"eight columns content\">\r\n\r\n                <h4><a href=\"https:\/\/visindavika.fas.is\/?p=351\">\u00c1ttundubekkingar sta\u00f0r\u00e1\u00f0nir \u00ed a\u00f0 b\u00faa \u00e1 H\u00f6fn \u00ed framt\u00ed\u00f0inni<\/a><\/h4>\r\n            \r\n\r\n        Krakkarnir \u00ed 8.bekk \u00ed Grunnsk\u00f3la Hornafjar\u00f0ar eru \u00f6ll full<a href=\"https:\/\/visindavika.fas.is\/?p=351\">...<\/a>\r\n        <\/div>\r\n\r\n        <div class=\"clearfix\"><\/div>\r\n\r\n        <div class=\"meta twelve columns clearfix\">\r\n            <div class=\"left-style\">\r\n            By Stjori | mars 22, 2022 | <a href=\"https:\/\/visindavika.fas.is\/?cat=84\" rel=\"category\">Ung r\u00f6dd<\/a>            <\/div>\r\n            <div class=\"right-style\">\r\n            <a href=\"https:\/\/visindavika.fas.is\/?p=351\">Read More <\/a>\r\n            <\/div>\r\n        <\/div>\r\n    <\/div>\r\n\r\n\r\n\r\n<\/div>\r\n<\/div><\/div><\/div><\/div><div id=\"pg-345-1\"  class=\"panel-grid panel-no-style\" ><div id=\"pgc-345-1-0\"  class=\"panel-grid-cell\" ><div id=\"panel-345-1-0-0\" class=\"so-panel widget widget_text panel-first-child panel-last-child\" data-index=\"1\" >\t\t\t<div class=\"textwidget\"><h5>Um vefinn<\/h5>\n<p>Vefurinn er verkefni nemenda \u00ed Fj\u00f6lmi\u00f0lafr\u00e6\u00f0i \u00ed FAS en stofnun hans er hluti af \u00fe\u00e1ttt\u00f6ku \u00feeirra \u00ed fj\u00f6l\u00fej\u00f3\u00f0legu verkefni sem \u00deekkingarsetri\u00f0 N\u00fdheimar er a\u00f0ili a\u00f0. Verkefni\u00f0 sem ber heiti\u00f0 M\u00f3tst\u00f6\u00f0uafl (e. Opposing Force) felur \u00ed s\u00e9r valdeflingu og umfj\u00f6llun um atgervisfl\u00f3tta og st\u00f6\u00f0u ungs f\u00f3lks \u00ed dreif\u00f0um bygg\u00f0um.<\/p>\n<\/div>\n\t\t<\/div><\/div><div id=\"pgc-345-1-1\"  class=\"panel-grid-cell\" ><div id=\"panel-345-1-1-0\" class=\"so-panel widget widget_text panel-first-child panel-last-child\" data-index=\"2\" >\t\t\t<div class=\"textwidget\"><h5>Ritstj\u00f3rn<\/h5>\n<p>Anna Birna Elvarsd\u00f3ttir, Bj\u00f6rk Dav\u00ed\u00f0sd\u00f3ttir, Gu\u00f0r\u00fan \u00d3sk Gunnarsd\u00f3ttir, Haf\u00fe\u00f3r Snorrason, Ingibj\u00f6rg L\u00fac\u00eda Ragnarsd\u00f3ttir, Katr\u00edn Mar\u00eda Sigur\u00f0ard\u00f3ttir, S\u00f3ley \u00derastard\u00f3ttir, S\u00e6var \u00d6rn Kristj\u00e1nsson, Vigd\u00eds Mar\u00eda Borgarsd\u00f3ttir, \u00deorgeir Dan \u00de\u00f3rarinsson, \u00deorsteinn Geirsson. \u00c1byrg\u00f0arma\u00f0ur er Sigur\u00f0ur Mar Halld\u00f3rsson.<\/p>\n<\/div>\n\t\t<\/div><\/div><\/div><\/div>","protected":false},"excerpt":{"rendered":"<p>Um vefinn Vefurinn er verkefni nemenda \u00ed Fj\u00f6lmi\u00f0lafr\u00e6\u00f0i \u00ed FAS en stofnun hans er hluti af \u00fe\u00e1ttt\u00f6ku \u00feeirra \u00ed fj\u00f6l\u00fej\u00f3\u00f0legu verkefni sem \u00deekkingarsetri\u00f0 N\u00fdheimar er a\u00f0ili a\u00f0. Verkefni\u00f0 sem ber heiti\u00f0 M\u00f3tst\u00f6\u00f0uafl (e. Opposing Force) felur \u00ed s\u00e9r valdeflingu og umfj\u00f6llun um atgervisfl\u00f3tta og st\u00f6\u00f0u ungs f\u00f3lks \u00ed dreif\u00f0um bygg\u00f0um. Ritstj\u00f3rn Anna Birna Elvarsd\u00f3ttir, Bj\u00f6rk [&hellip;]<\/p>\n","protected":false},"author":1,"featured_media":0,"parent":207,"menu_order":0,"comment_status":"closed","ping_status":"closed","template":"","meta":{"footnotes":"","_links_to":"","_links_to_target":""},"_links":{"self":[{"href":"https:\/\/visindavika.fas.is\/index.php?rest_route=\/wp\/v2\/pages\/345"}],"collection":[{"href":"https:\/\/visindavika.fas.is\/index.php?rest_route=\/wp\/v2\/pages"}],"about":[{"href":"https:\/\/visindavika.fas.is\/index.php?rest_route=\/wp\/v2\/types\/page"}],"author":[{"embeddable":true,"href":"https:\/\/visindavika.fas.is\/index.php?rest_route=\/wp\/v2\/users\/1"}],"replies":[{"embeddable":true,"href":"https:\/\/visindavika.fas.is\/index.php?rest_route=%2Fwp%2Fv2%2Fcomments&post=345"}],"version-history":[{"count":11,"href":"https:\/\/visindavika.fas.is\/index.php?rest_route=\/wp\/v2\/pages\/345\/revisions"}],"predecessor-version":[{"id":381,"href":"https:\/\/visindavika.fas.is\/index.php?rest_route=\/wp\/v2\/pages\/345\/revisions\/381"}],"up":[{"embeddable":true,"href":"https:\/\/visindavika.fas.is\/index.php?rest_route=\/wp\/v2\/pages\/207"}],"wp:attachment":[{"href":"https:\/\/visindavika.fas.is\/index.php?rest_route=%2Fwp%2Fv2%2Fmedia&parent=345"}],"curies":[{"name":"wp","href":"https:\/\/api.w.org\/{rel}","templated":true}]}}