{"id":36,"date":"2015-10-29T11:07:55","date_gmt":"2015-10-29T11:07:55","guid":{"rendered":"https:\/\/visindavika.fas.is\/?page_id=36"},"modified":"2015-10-30T11:21:00","modified_gmt":"2015-10-30T11:21:00","slug":"fljuga-hvitu-fidrildin","status":"publish","type":"page","link":"https:\/\/visindavika.fas.is\/?page_id=36","title":{"rendered":"Flj\u00faga hv\u00edtu fi\u00f0rildin"},"content":{"rendered":"<header class=\"entry-header\">\n<h2 class=\"entry-title\"><a href=\"https:\/\/visindavika.fas.is\/?page_id=73\">Dagfi\u00f0rildi &amp; N\u00e6turfi\u00f0rildi<\/a><\/h2>\n<\/header>\n<p>&nbsp;<\/p>\n<header class=\"entry-header\">\n<h2 class=\"entry-title\"><a href=\"https:\/\/visindavika.fas.is\/?page_id=104\">Felulitir og varnarhamur fi\u00f0rilda<\/a><\/h2>\n<\/header>\n<p>&nbsp;<\/p>\n<header class=\"entry-header\">\n<h2 class=\"entry-title\"><a href=\"https:\/\/visindavika.fas.is\/?page_id=87\">L\u00edfsferill Fi\u00f0rilda<\/a><\/h2>\n<\/header>\n<p>&nbsp;<\/p>\n<header class=\"entry-header\">\n<h2 class=\"entry-title\"><a href=\"https:\/\/visindavika.fas.is\/?page_id=117\">L\u00edkamsger\u00f0 fi\u00f0rilda<\/a><\/h2>\n<\/header>\n<div class=\"entry-content\"><\/div>\n<div class=\"entry-content\"><\/div>\n<div class=\"entry-content\"><\/div>\n<p>&nbsp;<\/p>\n","protected":false},"excerpt":{"rendered":"<p>Dagfi\u00f0rildi &amp; N\u00e6turfi\u00f0rildi &nbsp; Felulitir og varnarhamur fi\u00f0rilda &nbsp; L\u00edfsferill Fi\u00f0rilda &nbsp; L\u00edkamsger\u00f0 fi\u00f0rilda &nbsp;<\/p>\n","protected":false},"author":1,"featured_media":0,"parent":0,"menu_order":0,"comment_status":"closed","ping_status":"closed","template":"","meta":{"footnotes":"","_links_to":"","_links_to_target":""},"_links":{"self":[{"href":"https:\/\/visindavika.fas.is\/index.php?rest_route=\/wp\/v2\/pages\/36"}],"collection":[{"href":"https:\/\/visindavika.fas.is\/index.php?rest_route=\/wp\/v2\/pages"}],"about":[{"href":"https:\/\/visindavika.fas.is\/index.php?rest_route=\/wp\/v2\/types\/page"}],"author":[{"embeddable":true,"href":"https:\/\/visindavika.fas.is\/index.php?rest_route=\/wp\/v2\/users\/1"}],"replies":[{"embeddable":true,"href":"https:\/\/visindavika.fas.is\/index.php?rest_route=%2Fwp%2Fv2%2Fcomments&post=36"}],"version-history":[{"count":5,"href":"https:\/\/visindavika.fas.is\/index.php?rest_route=\/wp\/v2\/pages\/36\/revisions"}],"predecessor-version":[{"id":128,"href":"https:\/\/visindavika.fas.is\/index.php?rest_route=\/wp\/v2\/pages\/36\/revisions\/128"}],"wp:attachment":[{"href":"https:\/\/visindavika.fas.is\/index.php?rest_route=%2Fwp%2Fv2%2Fmedia&parent=36"}],"curies":[{"name":"wp","href":"https:\/\/api.w.org\/{rel}","templated":true}]}}