{"id":42,"date":"2015-10-29T11:09:16","date_gmt":"2015-10-29T11:09:16","guid":{"rendered":"https:\/\/visindavika.fas.is\/?page_id=42"},"modified":"2015-10-30T11:35:46","modified_gmt":"2015-10-30T11:35:46","slug":"fornleifarannsoknir","status":"publish","type":"page","link":"https:\/\/visindavika.fas.is\/?page_id=42","title":{"rendered":"Fornleifaranns\u00f3knir"},"content":{"rendered":"<h2><b>Fornaleifaskr\u00e1ning og ranns\u00f3knir \u00e1 j\u00f6r\u00f0inni Me\u00f0alfelli \u00ed Nesjum-<\/b><\/h2>\n<p>H\u00f3paverkefni\u00f0 okkar \u00e1 v\u00edsindad\u00f6gum 2015 var fornleifaskr\u00e1ning og ranns\u00f3knir. Zophon\u00edas Torfason var umsj\u00f3nama\u00f0ur okkar h\u00f3ps. Vi\u00f0 fengum \u00feann mikla hei\u00f0ur a\u00f0 f\u00e1 V\u00f6lu Gar\u00f0arsd\u00f3ttur forst\u00f6\u00f0umann Hornafjar\u00f0arsafna og Sigr\u00ed\u00f0i Gu\u00f0n\u00fdju Bj\u00f6rgvinsd\u00f3ttur landfr\u00e6\u00f0ing me\u00f0 okkur \u00ed li\u00f0, en \u00fe\u00e6r eru a\u00f0 vinna vi\u00f0 ranns\u00f3knir \u00e1 Hornafjar\u00f0ars\u00f6fnum. Verkefni\u00f0 sem vi\u00f0 fengum \u00ed hendurnar var a\u00f0 afla heimilda um j\u00f6r\u00f0ina Me\u00f0alfell og s\u00f6gu hennar \u00e1samt fornleifaskr\u00e1ningu \u00e1 Lax\u00e1rr\u00e9tt, sem var l\u00f6gr\u00e9tt \u00ed Nesjahreppi fram \u00e1 mi\u00f0ja 20. \u00f6ld. Eins t\u00f3kum vi\u00f0 s\u00fdni \u00far mannvirki sem samkv\u00e6mt heimildum, s\u00e1\u00f0reitur fr\u00e1 lokum 18. aldar.<\/p>\n<p><a href=\"https:\/\/visindavika.fas.is\/wp-content\/uploads\/2015\/10\/Logrettan_3.jpg\"><img loading=\"lazy\" decoding=\"async\" class=\"alignnone size-medium wp-image-130\" src=\"https:\/\/visindavika.fas.is\/wp-content\/uploads\/2015\/10\/Logrettan_3-300x212.jpg\" alt=\"Logrettan_3\" width=\"300\" height=\"212\" srcset=\"https:\/\/visindavika.fas.is\/wp-content\/uploads\/2015\/10\/Logrettan_3-300x212.jpg 300w, https:\/\/visindavika.fas.is\/wp-content\/uploads\/2015\/10\/Logrettan_3-1024x724.jpg 1024w\" sizes=\"(max-width: 300px) 100vw, 300px\" \/><\/a><\/p>\n<p>Vi\u00f0 byrjum verki\u00f0 \u00e1 mi\u00f0vikudaginn \u00fear sem vi\u00f0 h\u00f3fum heimilda\u00f6flun um j\u00f6r\u00f0ina sj\u00e1lfa, upphaf b\u00fasetu og b\u00fasetu\u00fer\u00f3un. Eftir h\u00e1degi\u00f0 f\u00f3rum vi\u00f0 s\u00ed\u00f0an \u00e1 vettvang a\u00f0 Me\u00f0alfelli \u00fear sem vi\u00f0 sko\u00f0u\u00f0um og m\u00e6ldum upp hluta \u00far Lax\u00e1rr\u00e9ttinni og t\u00f3kum s\u00fdni eins og \u00e1\u00f0ur er geti\u00f0.<br \/>\nS\u00fdnatakan f\u00f3r fram s\u00e1\u00f0reit \u00fear sem m.a. var r\u00e6kta\u00f0 r\u00f3targr\u00e6nmeti . D\u00fdpra \u00ed kjarnanum (\u00e1 um 73 cm d\u00fdpi) kom \u00ed lj\u00f3s mannvistarleifar sem g\u00e1fu til kynna a\u00f0 eldra mannvirki g\u00e6ti veri\u00f0 undir s\u00e1\u00f0reitnum sj\u00e1lfum.<br \/>\n\u00dear sem kol, brenndur m\u00f3r og aska voru s\u00fdnileg \u00ed kjarnanum er l\u00edklegt a\u00f0 um er a\u00f0 r\u00e6\u00f0a anna\u00f0 hvort \u00f6skuhaug e\u00f0a \u00edveruh\u00fas mj\u00f6g n\u00e1l\u00e6gt.<\/p>\n<p><a href=\"https:\/\/visindavika.fas.is\/wp-content\/uploads\/2015\/10\/me\u00f0alfell-FAS-026.jpg\"><img loading=\"lazy\" decoding=\"async\" class=\"alignnone size-medium wp-image-131\" src=\"https:\/\/visindavika.fas.is\/wp-content\/uploads\/2015\/10\/me\u00f0alfell-FAS-026-300x200.jpg\" alt=\"me\u00f0alfell-FAS 026\" width=\"300\" height=\"200\" srcset=\"https:\/\/visindavika.fas.is\/wp-content\/uploads\/2015\/10\/me\u00f0alfell-FAS-026-300x200.jpg 300w, https:\/\/visindavika.fas.is\/wp-content\/uploads\/2015\/10\/me\u00f0alfell-FAS-026-1024x683.jpg 1024w, https:\/\/visindavika.fas.is\/wp-content\/uploads\/2015\/10\/me\u00f0alfell-FAS-026-272x182.jpg 272w\" sizes=\"(max-width: 300px) 100vw, 300px\" \/><\/a><br \/>\nEkki er h\u00e6gt a\u00f0 segja frekar til um e\u00f0li e\u00f0a umfang \u00feessara mannvistarleifa nema me\u00f0 frekari ranns\u00f3kn en \u00fe\u00f3 \u00feykir l\u00edklegt a\u00f0 \u00fearna s\u00e9 t\u00f6luvert eldri mannvist en s\u00e1\u00f0reiturinn sj\u00e1lfur. Til \u00feess a\u00f0 f\u00e1 frekari sv\u00f6r \u00feyrfti a\u00f0 taka prufuskur\u00f0. \u00cd s\u00fdnt\u00f6kunni lentum vi\u00f0 \u00e1 \u00feykkum steinbotni sem bendir til a\u00f0 grj\u00f3t- e\u00f0a steinhle\u00f0sla s\u00e9 undir sver\u00f0inum.<br \/>\n\u00dear sem b\u00fasetusagan er l\u00f6ng \u00feurftum vi\u00f0 a\u00f0 afmarka verkefni\u00f0 vel og einbeittum okkur \u00fe\u00e1 a\u00f0 \u00fev\u00ed a\u00f0 sko\u00f0a l\u00f6gr\u00e9ttina sj\u00e1lfa, \u00fe.e. Lax\u00e1rr\u00e9tt sem er l\u00fdst b\u00e6\u00f0i \u00ed Bygg\u00f0as\u00f6gu Austur-Skaftafellss\u00fdslu og \u00f6rnefnaskr\u00e1 og sagt vera forn og \u201efr\u00e1 elstu t\u00ed\u00f0\u201c. S\u00ed\u00f0ustu tvo daga h\u00f6fum vi\u00f0 svo unni\u00f0 \u00far m\u00e6lingunum og myndunum sem vi\u00f0 t\u00f3kum \u00e1 vettvangi og \u00feeim heimildunum sem vi\u00f0 \u00f6flu\u00f0um, b\u00e6\u00f0i munnlegum og b\u00f3klegum.<br \/>\nVi\u00f0 ger\u00f0um kort \u00far m\u00e6lingunum sem er byggt \u00e1 landuppl\u00fdsingakerfi (Qgis) og settum upp t\u00edmal\u00ednu um b\u00fasetu \u00e1 Me\u00f0alfelli fr\u00e1 18. \u00f6ld. \u00deessi ranns\u00f3kn er mj\u00f6g \u00e1hugaver\u00f0 og lj\u00f3st \u00feykir a\u00f0 j\u00f6r\u00f0in Me\u00f0alfell hefur margt a\u00f0 geyma undir sver\u00f0i.<\/p>\n<p><a href=\"https:\/\/visindavika.fas.is\/wp-content\/uploads\/2015\/10\/Me\u00f0alfell.jpg\"><img loading=\"lazy\" decoding=\"async\" class=\"alignnone size-medium wp-image-134\" src=\"https:\/\/visindavika.fas.is\/wp-content\/uploads\/2015\/10\/Me\u00f0alfell-300x212.jpg\" alt=\"Me\u00f0alfell\" width=\"300\" height=\"212\" srcset=\"https:\/\/visindavika.fas.is\/wp-content\/uploads\/2015\/10\/Me\u00f0alfell-300x212.jpg 300w, https:\/\/visindavika.fas.is\/wp-content\/uploads\/2015\/10\/Me\u00f0alfell-1024x724.jpg 1024w\" sizes=\"(max-width: 300px) 100vw, 300px\" \/><\/a> <a href=\"https:\/\/visindavika.fas.is\/wp-content\/uploads\/2015\/10\/me\u00f0alfell-FAS-035.jpg\"><img loading=\"lazy\" decoding=\"async\" class=\"alignnone size-medium wp-image-132\" src=\"https:\/\/visindavika.fas.is\/wp-content\/uploads\/2015\/10\/me\u00f0alfell-FAS-035-300x200.jpg\" alt=\"me\u00f0alfell-FAS 035\" width=\"300\" height=\"200\" srcset=\"https:\/\/visindavika.fas.is\/wp-content\/uploads\/2015\/10\/me\u00f0alfell-FAS-035-300x200.jpg 300w, https:\/\/visindavika.fas.is\/wp-content\/uploads\/2015\/10\/me\u00f0alfell-FAS-035-1024x683.jpg 1024w, https:\/\/visindavika.fas.is\/wp-content\/uploads\/2015\/10\/me\u00f0alfell-FAS-035-272x182.jpg 272w\" sizes=\"(max-width: 300px) 100vw, 300px\" \/><\/a> <a href=\"https:\/\/visindavika.fas.is\/wp-content\/uploads\/2015\/10\/me\u00f0alfell-FAS-052.jpg\"><img loading=\"lazy\" decoding=\"async\" class=\"alignnone size-medium wp-image-133\" src=\"https:\/\/visindavika.fas.is\/wp-content\/uploads\/2015\/10\/me\u00f0alfell-FAS-052-300x200.jpg\" alt=\"me\u00f0alfell-FAS 052\" width=\"300\" height=\"200\" srcset=\"https:\/\/visindavika.fas.is\/wp-content\/uploads\/2015\/10\/me\u00f0alfell-FAS-052-300x200.jpg 300w, https:\/\/visindavika.fas.is\/wp-content\/uploads\/2015\/10\/me\u00f0alfell-FAS-052-1024x683.jpg 1024w, https:\/\/visindavika.fas.is\/wp-content\/uploads\/2015\/10\/me\u00f0alfell-FAS-052-272x182.jpg 272w\" sizes=\"(max-width: 300px) 100vw, 300px\" \/><\/a><\/p>\n<p>&nbsp;<\/p>\n<p>Vi\u00f0 munum svo s\u00fdna afraksturinn \u00ed stofu 205 eftir h\u00e1degi \u00ed dag 30. okt\u00f3ber<\/p>\n","protected":false},"excerpt":{"rendered":"<p>Fornaleifaskr\u00e1ning og ranns\u00f3knir \u00e1 j\u00f6r\u00f0inni Me\u00f0alfelli \u00ed Nesjum- H\u00f3paverkefni\u00f0 okkar \u00e1 v\u00edsindad\u00f6gum 2015 var fornleifaskr\u00e1ning og ranns\u00f3knir. Zophon\u00edas Torfason var umsj\u00f3nama\u00f0ur okkar h\u00f3ps. Vi\u00f0 fengum \u00feann mikla hei\u00f0ur a\u00f0 f\u00e1 V\u00f6lu Gar\u00f0arsd\u00f3ttur forst\u00f6\u00f0umann Hornafjar\u00f0arsafna og Sigr\u00ed\u00f0i Gu\u00f0n\u00fdju Bj\u00f6rgvinsd\u00f3ttur landfr\u00e6\u00f0ing me\u00f0 okkur \u00ed li\u00f0, en \u00fe\u00e6r eru a\u00f0 vinna vi\u00f0 ranns\u00f3knir \u00e1 Hornafjar\u00f0ars\u00f6fnum. Verkefni\u00f0 sem vi\u00f0 [&hellip;]<\/p>\n","protected":false},"author":1,"featured_media":0,"parent":0,"menu_order":0,"comment_status":"closed","ping_status":"closed","template":"","meta":{"footnotes":"","_links_to":"","_links_to_target":""},"_links":{"self":[{"href":"https:\/\/visindavika.fas.is\/index.php?rest_route=\/wp\/v2\/pages\/42"}],"collection":[{"href":"https:\/\/visindavika.fas.is\/index.php?rest_route=\/wp\/v2\/pages"}],"about":[{"href":"https:\/\/visindavika.fas.is\/index.php?rest_route=\/wp\/v2\/types\/page"}],"author":[{"embeddable":true,"href":"https:\/\/visindavika.fas.is\/index.php?rest_route=\/wp\/v2\/users\/1"}],"replies":[{"embeddable":true,"href":"https:\/\/visindavika.fas.is\/index.php?rest_route=%2Fwp%2Fv2%2Fcomments&post=42"}],"version-history":[{"count":3,"href":"https:\/\/visindavika.fas.is\/index.php?rest_route=\/wp\/v2\/pages\/42\/revisions"}],"predecessor-version":[{"id":135,"href":"https:\/\/visindavika.fas.is\/index.php?rest_route=\/wp\/v2\/pages\/42\/revisions\/135"}],"wp:attachment":[{"href":"https:\/\/visindavika.fas.is\/index.php?rest_route=%2Fwp%2Fv2%2Fmedia&parent=42"}],"curies":[{"name":"wp","href":"https:\/\/api.w.org\/{rel}","templated":true}]}}